{"id":168,"date":"2022-09-29T12:15:20","date_gmt":"2022-09-29T12:15:20","guid":{"rendered":"https:\/\/www.praxis-cebi.de\/?page_id=168"},"modified":"2025-09-15T14:08:33","modified_gmt":"2025-09-15T14:08:33","slug":"impressum","status":"publish","type":"page","link":"https:\/\/www.praxis-cebi.de\/?page_id=168","title":{"rendered":"Impressum"},"content":{"rendered":"\t\t<div data-elementor-type=\"wp-page\" data-elementor-id=\"168\" class=\"elementor elementor-168\">\n\t\t\t\t\t\t<section class=\"elementor-section elementor-top-section elementor-element elementor-element-2a89aa67 elementor-section-boxed elementor-section-height-default elementor-section-height-default\" data-id=\"2a89aa67\" data-element_type=\"section\" data-e-type=\"section\">\n\t\t\t\t\t\t<div class=\"elementor-container elementor-column-gap-default\">\n\t\t\t\t\t<div class=\"elementor-column elementor-col-100 elementor-top-column elementor-element elementor-element-1453f159\" data-id=\"1453f159\" data-element_type=\"column\" data-e-type=\"column\">\n\t\t\t<div class=\"elementor-widget-wrap elementor-element-populated\">\n\t\t\t\t\t\t<section class=\"elementor-section elementor-inner-section elementor-element elementor-element-4a46365d elementor-section-boxed elementor-section-height-default elementor-section-height-default\" data-id=\"4a46365d\" data-element_type=\"section\" data-e-type=\"section\">\n\t\t\t\t\t\t<div class=\"elementor-container elementor-column-gap-default\">\n\t\t\t\t\t<div class=\"elementor-column elementor-col-50 elementor-inner-column elementor-element elementor-element-27260ae2\" data-id=\"27260ae2\" data-element_type=\"column\" data-e-type=\"column\">\n\t\t\t<div class=\"elementor-widget-wrap elementor-element-populated\">\n\t\t\t\t\t\t<div class=\"elementor-element elementor-element-3313c23 elementor-invisible elementor-widget elementor-widget-heading\" data-id=\"3313c23\" data-element_type=\"widget\" data-e-type=\"widget\" data-settings=\"{&quot;_animation&quot;:&quot;fadeIn&quot;}\" data-widget_type=\"heading.default\">\n\t\t\t\t<div class=\"elementor-widget-container\">\n\t\t\t\t\t<h1 class=\"elementor-heading-title elementor-size-default\"><br>Impressum<\/h1>\t\t\t\t<\/div>\n\t\t\t\t<\/div>\n\t\t\t\t<div class=\"elementor-element elementor-element-3a4d098e elementor-widget elementor-widget-text-editor\" data-id=\"3a4d098e\" data-element_type=\"widget\" data-e-type=\"widget\" data-widget_type=\"text-editor.default\">\n\t\t\t\t<div class=\"elementor-widget-container\">\n\t\t\t\t\t\t\t\t\t<h2>ANGABEN GEM\u00c4SS \u00a7 5 TMG<\/h2><p>Praxis f\u00fcr Psychotherapie\u00a0<br \/>Von-Brentano-Str. 14<br \/>63073 <span class=\"desktop-title-subcontent\">Offenbach am Main<\/span><\/p><p>Vertreten durch<br \/>M. Sc. Psych. Esad Cebi<\/p><h3>Kontakt<\/h3><p>Telefon: +491523 4752971<\/p><p>E-Mail: <a href=\"mailto:therapiepraxis.cebi@gmail.com\">therapiepraxis.cebi@gmail.com<\/a><\/p><h3>GESTALTUNG &amp; HOSTING<\/h3><p><a href=\"https:\/\/www.akasolutions.de\/\"><img decoding=\"async\" class=\"entered lazyloaded alignnone\" src=\"https:\/\/cdn.akasolutions.de\/nl\/Bild1.png\" alt=\"\" width=\"227\" height=\"75\" data-lazy-src=\"https:\/\/cdn.akasolutions.de\/nl\/Bild1.png\" data-ll-status=\"loaded\" \/><\/a><\/p><p><a href=\"https:\/\/www.akasolutions.de\/\" target=\"_blank\" rel=\"noreferrer noopener\">akasolutions.de<\/a>\u00a0\u2013\u00a0<\/p><p>ein sicherer Ort f\u00fcr Ihre Daten<\/p><h3>Gesetzliche Berufsbezeichnung<\/h3><p>M. Sc. Psych. Esad Cebi, Psychologischer Psychotherapeut- verliehen in der Bundesrepublik Deutschland<\/p><h3>Verantwortlich f\u00fcr den Inhalt nach \u00a7 55 Abs. 2 RStV<\/h3><p>M. Sc. Psych. Esad Cebi (Anschrift und Kontakt wie oben)<\/p><h3>Zust\u00e4ndige Aufsichtsbeh\u00f6rde<\/h3><p>Psychotherapeutenkammer Hessen<br \/>Frankfurter Str. 8<br \/>65189 Wiesbaden<br \/>\u00a0<a href=\"http:\/\/www.lppkjp.de\/\"><u>www.lppkjp.de<\/u><\/a><\/p><p>Kassen\u00e4rztliche Vereinigung<br \/>KV Hessen<br \/>Europa-Allee 90<br \/>60486 Frankfurt am Main<br \/><a href=\"http:\/\/www.kvhessen.de\/\"><u>www.kvhessen.de<\/u><\/a><\/p><h3>Berufsrechtliche Reglungen<\/h3><p>Berufsordnung der Landeskammer f\u00fcr Psychologische Psychotherapeutinnen\u00a0und -therapeuten und Kinder- und Jugendlichenpsychotherapeutinnen\u00a0und -therapeuten Hessen<br \/>\u00a0<a href=\"http:\/\/lppkjp.de\/wp-content\/uploads\/2016\/07\/Berufsordnung_2016.pdf\"><u>http:\/\/lppkjp.de\/wp-content\/uploads\/2016\/07\/Berufsordnung_2016.pdf<\/u><\/a><\/p><p>Die Suchfunktion auf der Homepage der zust\u00e4ndigen \u00c4rztekammer\u00a0<a href=\"http:\/\/www.laekh.de\/\"><u>www.laekh.de<\/u><\/a>\u00a0und die Rubrik \u201eRecht\u201c auf der Seite der Landespsychotherapeutenkammer\u00a0<a href=\"http:\/\/www.lppkjp.de\/\"><u>www.lppkjp.de<\/u><\/a>\u00a0erlauben zudem die Suche bzw. das Auffinden der Gesetze und Verordnungen unter\u00a0den Begriffen \u201eBerufsordnung\u201c bzw. \u201eHeilberufsgesetz\u201c.<\/p><h3>HAFTUNG F\u00dcR INHALTE<\/h3><p>Als Diensteanbieter sind wir gem\u00e4\u00df \u00a7 7 Abs.1 TMG f\u00fcr eigene Inhalte auf diesen Seiten nach den allgemeinen Gesetzen verantwortlich. Nach \u00a7\u00a7 8 bis 10 TMG sind wir als Diensteanbieter jedoch nicht verpflichtet, \u00fcbermittelte oder gespeicherte fremde Informationen zu \u00fcberwachen oder nach Umst\u00e4nden zu forschen, die auf eine rechtswidrige T\u00e4tigkeit hinweisen.<\/p><p>Verpflichtungen zur Entfernung oder Sperrung der Nutzung von Informationen nach den allgemeinen Gesetzen bleiben hiervon unber\u00fchrt. Eine diesbez\u00fcgliche Haftung ist jedoch erst ab dem Zeitpunkt der Kenntnis einer konkreten Rechtsverletzung m\u00f6glich. Bei Bekanntwerden von entsprechenden Rechtsverletzungen werden wir diese Inhalte umgehend entfernen.<\/p><h3>HAFTUNG F\u00dcR LINKS<\/h3><p>Unser Angebot enth\u00e4lt Links zu externen Websites Dritter, auf deren Inhalte wir keinen Einfluss haben. Deshalb k\u00f6nnen wir f\u00fcr diese fremden Inhalte auch keine Gew\u00e4hr \u00fcbernehmen. F\u00fcr die Inhalte der verlinkten Seiten ist stets der jeweilige Anbieter oder Betreiber der Seiten verantwortlich. Die verlinkten Seiten wurden zum Zeitpunkt der Verlinkung auf m\u00f6gliche Rechtsverst\u00f6\u00dfe \u00fcberpr\u00fcft. Rechtswidrige Inhalte waren zum Zeitpunkt der Verlinkung nicht erkennbar.<\/p><p>Eine permanente inhaltliche Kontrolle der verlinkten Seiten ist jedoch ohne konkrete Anhaltspunkte einer Rechtsverletzung nicht zumutbar. Bei Bekanntwerden von Rechtsverletzungen werden wir derartige Links umgehend entfernen.<\/p><h3>URHEBERRECHT<\/h3><p>Die durch die Seitenbetreiber erstellten Inhalte und Werke auf diesen Seiten unterliegen dem deutschen Urheberrecht. Die Vervielf\u00e4ltigung, Bearbeitung, Verbreitung und jede Art der Verwertung au\u00dferhalb der Grenzen des Urheberrechtes bed\u00fcrfen der schriftlichen Zustimmung des jeweiligen Autors bzw. Erstellers. Downloads und Kopien dieser Seite sind nur f\u00fcr den privaten, nicht kommerziellen Gebrauch gestattet.<\/p><p>Soweit die Inhalte auf dieser Seite nicht vom Betreiber erstellt wurden, werden die Urheberrechte Dritter beachtet. Insbesondere werden Inhalte Dritter als solche gekennzeichnet. Sollten Sie trotzdem auf eine Urheberrechtsverletzung aufmerksam werden, bitten wir um einen entsprechenden Hinweis. Bei Bekanntwerden von Rechtsverletzungen werden wir derartige Inhalte umgehend entfernen.<\/p><p>Quelle:\u00a0<a href=\"https:\/\/www.e-recht24.de\/\">e-recht24.de<\/a><\/p><p><a href=\"https:\/\/www.laekh.de\/fileadmin\/user_upload\/Aerzte\/Rund_ums_Recht\/Rechtsquellen\/Berufsordnung.pdf\" target=\"_blank\" rel=\"noreferrer noopener\">Link zur Berufsordnung f\u00fcr die \u00c4rztinnen und \u00c4rzte in Hessen<\/a><br \/><a href=\"https:\/\/www.laekh.de\/fileadmin\/user_upload\/Aerzte\/Rund_ums_Recht\/Rechtsquellen\/Heilberufsgesetz.pdf\" target=\"_blank\" rel=\"noreferrer noopener\">Link zum Hessischen Heilberufsgesetz<\/a><\/p>\t\t\t\t\t\t\t\t<\/div>\n\t\t\t\t<\/div>\n\t\t\t\t\t<\/div>\n\t\t<\/div>\n\t\t\t\t<div class=\"elementor-column elementor-col-50 elementor-inner-column elementor-element elementor-element-806ac73 elementor-invisible\" data-id=\"806ac73\" data-element_type=\"column\" data-e-type=\"column\" data-settings=\"{&quot;animation&quot;:&quot;fadeIn&quot;,&quot;background_background&quot;:&quot;classic&quot;}\">\n\t\t\t<div class=\"elementor-widget-wrap elementor-element-populated\">\n\t\t\t\t\t\t<div class=\"elementor-element elementor-element-42c2b43c elementor-invisible elementor-widget elementor-widget-heading\" data-id=\"42c2b43c\" data-element_type=\"widget\" data-e-type=\"widget\" data-settings=\"{&quot;_animation&quot;:&quot;fadeIn&quot;}\" data-widget_type=\"heading.default\">\n\t\t\t\t<div class=\"elementor-widget-container\">\n\t\t\t\t\t<h2 class=\"elementor-heading-title elementor-size-default\">You can turn your life around today.<\/h2>\t\t\t\t<\/div>\n\t\t\t\t<\/div>\n\t\t\t\t\t<\/div>\n\t\t<\/div>\n\t\t\t\t\t<\/div>\n\t\t<\/section>\n\t\t\t\t\t<\/div>\n\t\t<\/div>\n\t\t\t\t\t<\/div>\n\t\t<\/section>\n\t\t\t\t<section class=\"elementor-section elementor-top-section elementor-element elementor-element-90edac3 elementor-section-boxed elementor-section-height-default elementor-section-height-default\" data-id=\"90edac3\" data-element_type=\"section\" data-e-type=\"section\">\n\t\t\t\t\t\t<div class=\"elementor-container elementor-column-gap-default\">\n\t\t\t\t\t<div class=\"elementor-column elementor-col-100 elementor-top-column elementor-element elementor-element-50160d3\" data-id=\"50160d3\" data-element_type=\"column\" data-e-type=\"column\">\n\t\t\t<div class=\"elementor-widget-wrap elementor-element-populated\">\n\t\t\t\t\t\t\t<\/div>\n\t\t<\/div>\n\t\t\t\t\t<\/div>\n\t\t<\/section>\n\t\t\t\t<\/div>\n\t\t","protected":false},"excerpt":{"rendered":"<p>Impressum ANGABEN GEM\u00c4SS \u00a7 5 TMG Praxis f\u00fcr Psychotherapie\u00a0Von-Brentano-Str. 1463073 Offenbach am Main Vertreten durchM. Sc. Psych. Esad Cebi Kontakt Telefon: +491523 4752971 E-Mail: therapiepraxis.cebi@gmail.com GESTALTUNG &amp; HOSTING akasolutions.de\u00a0\u2013\u00a0 ein sicherer Ort f\u00fcr Ihre Daten Gesetzliche Berufsbezeichnung M. Sc. Psych. Esad Cebi, Psychologischer Psychotherapeut- verliehen in der Bundesrepublik Deutschland Verantwortlich f\u00fcr den Inhalt nach \u00a7 [&hellip;]<\/p>\n","protected":false},"author":1,"featured_media":0,"parent":0,"menu_order":0,"comment_status":"closed","ping_status":"closed","template":"","meta":{"ocean_post_layout":"full-screen","ocean_both_sidebars_style":"","ocean_both_sidebars_content_width":0,"ocean_both_sidebars_sidebars_width":0,"ocean_sidebar":"0","ocean_second_sidebar":"0","ocean_disable_margins":"enable","ocean_add_body_class":"","ocean_shortcode_before_top_bar":"","ocean_shortcode_after_top_bar":"","ocean_shortcode_before_header":"","ocean_shortcode_after_header":"","ocean_has_shortcode":"","ocean_shortcode_after_title":"","ocean_shortcode_before_footer_widgets":"","ocean_shortcode_after_footer_widgets":"","ocean_shortcode_before_footer_bottom":"","ocean_shortcode_after_footer_bottom":"","ocean_display_top_bar":"off","ocean_display_header":"default","ocean_header_style":"","ocean_center_header_left_menu":"0","ocean_custom_header_template":"0","ocean_custom_logo":0,"ocean_custom_retina_logo":0,"ocean_custom_logo_max_width":0,"ocean_custom_logo_tablet_max_width":0,"ocean_custom_logo_mobile_max_width":0,"ocean_custom_logo_max_height":0,"ocean_custom_logo_tablet_max_height":0,"ocean_custom_logo_mobile_max_height":0,"ocean_header_custom_menu":"0","ocean_menu_typo_font_family":"0","ocean_menu_typo_font_subset":"","ocean_menu_typo_font_size":0,"ocean_menu_typo_font_size_tablet":0,"ocean_menu_typo_font_size_mobile":0,"ocean_menu_typo_font_size_unit":"px","ocean_menu_typo_font_weight":"","ocean_menu_typo_font_weight_tablet":"","ocean_menu_typo_font_weight_mobile":"","ocean_menu_typo_transform":"","ocean_menu_typo_transform_tablet":"","ocean_menu_typo_transform_mobile":"","ocean_menu_typo_line_height":0,"ocean_menu_typo_line_height_tablet":0,"ocean_menu_typo_line_height_mobile":0,"ocean_menu_typo_line_height_unit":"","ocean_menu_typo_spacing":0,"ocean_menu_typo_spacing_tablet":0,"ocean_menu_typo_spacing_mobile":0,"ocean_menu_typo_spacing_unit":"","ocean_menu_link_color":"","ocean_menu_link_color_hover":"","ocean_menu_link_color_active":"","ocean_menu_link_background":"","ocean_menu_link_hover_background":"","ocean_menu_link_active_background":"","ocean_menu_social_links_bg":"","ocean_menu_social_hover_links_bg":"","ocean_menu_social_links_color":"","ocean_menu_social_hover_links_color":"","ocean_disable_title":"on","ocean_disable_heading":"default","ocean_post_title":"","ocean_post_subheading":"","ocean_post_title_style":"","ocean_post_title_background_color":"","ocean_post_title_background":0,"ocean_post_title_bg_image_position":"","ocean_post_title_bg_image_attachment":"","ocean_post_title_bg_image_repeat":"","ocean_post_title_bg_image_size":"","ocean_post_title_height":0,"ocean_post_title_bg_overlay":0.5,"ocean_post_title_bg_overlay_color":"","ocean_disable_breadcrumbs":"default","ocean_breadcrumbs_color":"","ocean_breadcrumbs_separator_color":"","ocean_breadcrumbs_links_color":"","ocean_breadcrumbs_links_hover_color":"","ocean_display_footer_widgets":"off","ocean_display_footer_bottom":"off","ocean_custom_footer_template":"0","footnotes":""},"class_list":["post-168","page","type-page","status-publish","hentry","entry"],"_links":{"self":[{"href":"https:\/\/www.praxis-cebi.de\/index.php?rest_route=\/wp\/v2\/pages\/168","targetHints":{"allow":["GET"]}}],"collection":[{"href":"https:\/\/www.praxis-cebi.de\/index.php?rest_route=\/wp\/v2\/pages"}],"about":[{"href":"https:\/\/www.praxis-cebi.de\/index.php?rest_route=\/wp\/v2\/types\/page"}],"author":[{"embeddable":true,"href":"https:\/\/www.praxis-cebi.de\/index.php?rest_route=\/wp\/v2\/users\/1"}],"replies":[{"embeddable":true,"href":"https:\/\/www.praxis-cebi.de\/index.php?rest_route=%2Fwp%2Fv2%2Fcomments&post=168"}],"version-history":[{"count":25,"href":"https:\/\/www.praxis-cebi.de\/index.php?rest_route=\/wp\/v2\/pages\/168\/revisions"}],"predecessor-version":[{"id":664,"href":"https:\/\/www.praxis-cebi.de\/index.php?rest_route=\/wp\/v2\/pages\/168\/revisions\/664"}],"wp:attachment":[{"href":"https:\/\/www.praxis-cebi.de\/index.php?rest_route=%2Fwp%2Fv2%2Fmedia&parent=168"}],"curies":[{"name":"wp","href":"https:\/\/api.w.org\/{rel}","templated":true}]}}